{"id":366,"date":"2021-11-21T20:19:00","date_gmt":"2021-11-21T20:19:00","guid":{"rendered":"https:\/\/coiffeurviana.ch\/?page_id=366"},"modified":"2023-03-02T16:31:32","modified_gmt":"2023-03-02T15:31:32","slug":"erlebnis","status":"publish","type":"page","link":"https:\/\/coiffeurviana.ch\/fr\/erlebnis\/","title":{"rendered":"SP\u00c9CIAL"},"content":{"rendered":"<div data-elementor-type=\"wp-page\" data-elementor-id=\"366\" class=\"elementor elementor-366\">\n\t\t\t\t\t\t<section class=\"elementor-section elementor-top-section elementor-element elementor-element-923f747 elementor-section-boxed elementor-section-height-default elementor-section-height-default\" data-id=\"923f747\" data-element_type=\"section\" data-settings=\"{&quot;background_background&quot;:&quot;classic&quot;}\">\n\t\t\t\t\t\t<div class=\"elementor-container elementor-column-gap-wider\">\n\t\t\t\t\t<div class=\"elementor-column elementor-col-50 elementor-top-column elementor-element elementor-element-d6ed6ca\" data-id=\"d6ed6ca\" data-element_type=\"column\">\n\t\t\t<div class=\"elementor-widget-wrap elementor-element-populated\">\n\t\t\t\t\t\t<div class=\"elementor-element elementor-element-e2201c7 elementor-position-left elementor-view-default elementor-mobile-position-top elementor-widget elementor-widget-icon-box\" data-id=\"e2201c7\" data-element_type=\"widget\" data-widget_type=\"icon-box.default\">\n\t\t\t\t<div class=\"elementor-widget-container\">\n\t\t\t\t\t\t\t<div class=\"elementor-icon-box-wrapper\">\n\n\t\t\t\t\t\t<div class=\"elementor-icon-box-icon\">\n\t\t\t\t<span  class=\"elementor-icon elementor-animation-grow\">\n\t\t\t\t<i aria-hidden=\"true\" class=\"fas fa-spa\"><\/i>\t\t\t\t<\/span>\n\t\t\t<\/div>\n\t\t\t\n\t\t\t\t\t\t<div class=\"elementor-icon-box-content\">\n\n\t\t\t\t\t\t\t\t\t<h2 class=\"elementor-icon-box-title\">\n\t\t\t\t\t\t<span  >\n\t\t\t\t\t\t\tRelax Kopfmassage\t\t\t\t\t\t<\/span>\n\t\t\t\t\t<\/h2>\n\t\t\t\t\n\t\t\t\t\n\t\t\t<\/div>\n\t\t\t\n\t\t<\/div>\n\t\t\t\t\t\t<\/div>\n\t\t\t\t<\/div>\n\t\t\t\t<div class=\"elementor-element elementor-element-1b01f3a elementor-widget elementor-widget-text-editor\" data-id=\"1b01f3a\" data-element_type=\"widget\" data-widget_type=\"text-editor.default\">\n\t\t\t\t<div class=\"elementor-widget-container\">\n\t\t\t\t\t\t\t\t\t<h5>Lust zum entspannen? Dann buchen Sie eine Relax Kopfmassage bei uns.<span class=\"Apple-converted-space\">\u00a0<\/span><\/h5><h5>Die Relax Massage ist eine Kopf, Nacken und Schulter Massage, die wir beim Haarwaschen anbieten.<\/h5><h5>Dur\u00e9e\u00a0: 15 minutes<\/h5><h5>Preis: CHF 26.00 inkl. waschen.<\/h5><div>\u00a0<\/div>\t\t\t\t\t\t\t\t<\/div>\n\t\t\t\t<\/div>\n\t\t\t\t<div class=\"elementor-element elementor-element-223aa91 elementor-position-left elementor-view-default elementor-mobile-position-top elementor-widget elementor-widget-icon-box\" data-id=\"223aa91\" data-element_type=\"widget\" data-widget_type=\"icon-box.default\">\n\t\t\t\t<div class=\"elementor-widget-container\">\n\t\t\t\t\t\t\t<div class=\"elementor-icon-box-wrapper\">\n\n\t\t\t\t\t\t<div class=\"elementor-icon-box-icon\">\n\t\t\t\t<span  class=\"elementor-icon elementor-animation-grow\">\n\t\t\t\t<i aria-hidden=\"true\" class=\"fas fa-spa\"><\/i>\t\t\t\t<\/span>\n\t\t\t<\/div>\n\t\t\t\n\t\t\t\t\t\t<div class=\"elementor-icon-box-content\">\n\n\t\t\t\t\t\t\t\t\t<h2 class=\"elementor-icon-box-title\">\n\t\t\t\t\t\t<span  >\n\t\t\t\t\t\t\tCiseaux thermiques\t\t\t\t\t\t<\/span>\n\t\t\t\t\t<\/h2>\n\t\t\t\t\n\t\t\t\t\n\t\t\t<\/div>\n\t\t\t\n\t\t<\/div>\n\t\t\t\t\t\t<\/div>\n\t\t\t\t<\/div>\n\t\t\t\t<div class=\"elementor-element elementor-element-96a070a elementor-widget elementor-widget-text-editor\" data-id=\"96a070a\" data-element_type=\"widget\" data-widget_type=\"text-editor.default\">\n\t\t\t\t<div class=\"elementor-widget-container\">\n\t\t\t\t\t\t\t\t\t<h5>Les ciseaux thermiques sont sp\u00e9cialement con\u00e7us,<span class=\"original-content\">pour la caut\u00e9risation\u00a0<\/span>de vos pointes fourchues par coagulation thermique.\u00a0<span class=\"original-content\">Vous obtenez un r\u00e9sultat optimal et\u00a0<\/span>plus durable en pratiquant des coupes r\u00e9guli\u00e8res des pointes de cheveux fourchus.<\/h5><h5>Cette technique de coupe et de soin capillaire est sp\u00e9cialement adapt\u00e9e pour les cheveux longs et les cheveux fins et cours.<\/h5><h5>Tarif: CHF 10.00<\/h5>\t\t\t\t\t\t\t\t<\/div>\n\t\t\t\t<\/div>\n\t\t\t\t\t<\/div>\n\t\t<\/div>\n\t\t\t\t<div class=\"elementor-column elementor-col-50 elementor-top-column elementor-element elementor-element-d754681\" data-id=\"d754681\" data-element_type=\"column\">\n\t\t\t<div class=\"elementor-widget-wrap elementor-element-populated\">\n\t\t\t\t\t\t<div class=\"elementor-element elementor-element-fbf8a6c elementor-position-left elementor-view-default elementor-mobile-position-top elementor-widget elementor-widget-icon-box\" data-id=\"fbf8a6c\" data-element_type=\"widget\" data-widget_type=\"icon-box.default\">\n\t\t\t\t<div class=\"elementor-widget-container\">\n\t\t\t\t\t\t\t<div class=\"elementor-icon-box-wrapper\">\n\n\t\t\t\t\t\t<div class=\"elementor-icon-box-icon\">\n\t\t\t\t<span  class=\"elementor-icon elementor-animation-grow\">\n\t\t\t\t<i aria-hidden=\"true\" class=\"fas fa-spa\"><\/i>\t\t\t\t<\/span>\n\t\t\t<\/div>\n\t\t\t\n\t\t\t\t\t\t<div class=\"elementor-icon-box-content\">\n\n\t\t\t\t\t\t\t\t\t<h2 class=\"elementor-icon-box-title\">\n\t\t\t\t\t\t<span  >\n\t\t\t\t\t\t\tFusio Scrub\t\t\t\t\t\t<\/span>\n\t\t\t\t\t<\/h2>\n\t\t\t\t\n\t\t\t\t\n\t\t\t<\/div>\n\t\t\t\n\t\t<\/div>\n\t\t\t\t\t\t<\/div>\n\t\t\t\t<\/div>\n\t\t\t\t<div class=\"elementor-element elementor-element-caa1796 elementor-widget elementor-widget-text-editor\" data-id=\"caa1796\" data-element_type=\"widget\" data-widget_type=\"text-editor.default\">\n\t\t\t\t<div class=\"elementor-widget-container\">\n\t\t\t\t\t\t\t\t\t<h5>Le K\u00e9rastase Fusio-Scrub est un gommage apaisant pour le cuir chevelu qui remplace le shampoing. Le Fusio-Scrub nettoie en profondeur le cuir chevelu et les cheveux des particules nocives. Il s\u2019agit d\u2019une nouvelle solution efficace aux probl\u00e8mes les plus importants des cheveux\u00a0: cuir chevelu gras, pellicules et cheveux faibles.\u00a0<\/h5><h5>Tarif: CHF 12.00<\/h5>\t\t\t\t\t\t\t\t<\/div>\n\t\t\t\t<\/div>\n\t\t\t\t<div class=\"elementor-element elementor-element-385f330 elementor-position-left elementor-view-default elementor-mobile-position-top elementor-widget elementor-widget-icon-box\" data-id=\"385f330\" data-element_type=\"widget\" data-widget_type=\"icon-box.default\">\n\t\t\t\t<div class=\"elementor-widget-container\">\n\t\t\t\t\t\t\t<div class=\"elementor-icon-box-wrapper\">\n\n\t\t\t\t\t\t<div class=\"elementor-icon-box-icon\">\n\t\t\t\t<span  class=\"elementor-icon elementor-animation-grow\">\n\t\t\t\t<i aria-hidden=\"true\" class=\"fas fa-spa\"><\/i>\t\t\t\t<\/span>\n\t\t\t<\/div>\n\t\t\t\n\t\t\t\t\t\t<div class=\"elementor-icon-box-content\">\n\n\t\t\t\t\t\t\t\t\t<h2 class=\"elementor-icon-box-title\">\n\t\t\t\t\t\t<span  >\n\t\t\t\t\t\t\tBrazilian Keratin\t\t\t\t\t\t<\/span>\n\t\t\t\t\t<\/h2>\n\t\t\t\t\n\t\t\t\t\n\t\t\t<\/div>\n\t\t\t\n\t\t<\/div>\n\t\t\t\t\t\t<\/div>\n\t\t\t\t<\/div>\n\t\t\t\t<div class=\"elementor-element elementor-element-a40c4ad elementor-widget elementor-widget-text-editor\" data-id=\"a40c4ad\" data-element_type=\"widget\" data-widget_type=\"text-editor.default\">\n\t\t\t\t<div class=\"elementor-widget-container\">\n\t\t\t\t\t\t\t\t\t<h5>Neu bieten wir eine Keratin- und Anti-Frizz-Behandlung an, die Ihre Haare direkt nach der Anwendung glatt, gl\u00e4nzend und geschmeidig macht. Die Wirkung h\u00e4lt bis zu 12 Wochen an. Durch die Verwendung von verschiedenen Inhaltsstoffen wie Kaviar, Seidenproteinen und Aminos\u00e4uren wird das Haar versiegelt und wieder aufgebaut.<\/h5><h5>Die Keratinbehandlung wirkt auch als Anti-Frizz-Ma\u00dfnahme, indem sie dem Haar zus\u00e4tzliche Feuchtigkeit spendet und ein Austrocknen verhindert. Zudem bildet sie eine Schutzbarriere gegen statische Aufladung. Das Ergebnis ist geschmeidiges, elastisches und gl\u00e4nzendes Haar.<\/h5><h5>Preis: AB CHF 105.00<\/h5>\t\t\t\t\t\t\t\t<\/div>\n\t\t\t\t<\/div>\n\t\t\t\t\t<\/div>\n\t\t<\/div>\n\t\t\t\t\t<\/div>\n\t\t<\/section>\n\t\t\t\t<\/div>","protected":false},"excerpt":{"rendered":"<p>Relax Kopfmassage Lust zum entspannen? Dann buchen Sie eine Relax Kopfmassage bei uns.\u00a0 Die Relax Massage ist eine Kopf, Nacken und Schulter Massage, die wir beim<span class=\"excerpt-hellip\"> [\u2026]<\/span><\/p>","protected":false},"author":1,"featured_media":567,"parent":0,"menu_order":0,"comment_status":"closed","ping_status":"closed","template":"elementor_header_footer","meta":{"footnotes":""},"class_list":["post-366","page","type-page","status-publish","has-post-thumbnail","hentry"],"_links":{"self":[{"href":"https:\/\/coiffeurviana.ch\/fr\/wp-json\/wp\/v2\/pages\/366","targetHints":{"allow":["GET"]}}],"collection":[{"href":"https:\/\/coiffeurviana.ch\/fr\/wp-json\/wp\/v2\/pages"}],"about":[{"href":"https:\/\/coiffeurviana.ch\/fr\/wp-json\/wp\/v2\/types\/page"}],"author":[{"embeddable":true,"href":"https:\/\/coiffeurviana.ch\/fr\/wp-json\/wp\/v2\/users\/1"}],"replies":[{"embeddable":true,"href":"https:\/\/coiffeurviana.ch\/fr\/wp-json\/wp\/v2\/comments?post=366"}],"version-history":[{"count":19,"href":"https:\/\/coiffeurviana.ch\/fr\/wp-json\/wp\/v2\/pages\/366\/revisions"}],"predecessor-version":[{"id":1090,"href":"https:\/\/coiffeurviana.ch\/fr\/wp-json\/wp\/v2\/pages\/366\/revisions\/1090"}],"wp:featuredmedia":[{"embeddable":true,"href":"https:\/\/coiffeurviana.ch\/fr\/wp-json\/wp\/v2\/media\/567"}],"wp:attachment":[{"href":"https:\/\/coiffeurviana.ch\/fr\/wp-json\/wp\/v2\/media?parent=366"}],"curies":[{"name":"wp","href":"https:\/\/api.w.org\/{rel}","templated":true}]}}